{"id":592,"date":"2022-04-24T01:47:43","date_gmt":"2022-04-24T00:47:43","guid":{"rendered":"https:\/\/www.catalonian-airlines.cat\/?page_id=592"},"modified":"2022-11-01T19:27:40","modified_gmt":"2022-11-01T18:27:40","slug":"especials","status":"publish","type":"page","link":"https:\/\/www.catalonian-airlines.cat\/en\/operacions\/alternatives\/especials\/","title":{"rendered":"Specials OPS"},"content":{"rendered":"<div class=\"wp-block-columns alignwide tw-cols-card tw-cols-card-shadow is-layout-flex wp-container-core-columns-is-layout-6c3a7f47 wp-block-columns-is-layout-flex\" style=\"padding-top:0px;padding-right:0px;padding-bottom:0px;padding-left:0px\">\n<div class=\"wp-block-column has-background is-layout-flow wp-block-column-is-layout-flow\" style=\"--col-width:50%;background-color:#f2f2f282;padding-top:10px;padding-right:10px;padding-bottom:10px;padding-left:10px;flex-basis:50%\">\n<div class=\"wp-block-group\"><div class=\"wp-block-group__inner-container is-layout-flow wp-block-group-is-layout-flow\">\n<h5 class=\"wp-block-heading\">DESCRIPCI\u00d3<\/h5>\n\n\n\n<p>S\u00f3n operacions singulars a proposta de qualsevol pilot o pilots que, necess\u00e0riament, han de tenir el nivell i l\u2019habilitaci\u00f3 que calgui per volar-les. <\/p>\n\n\n\n<p>Aquests esdeveniments tindran una bonificaci\u00f3 del 50% (Ponderaci\u00f3 = 1,5) sempre i quan es completi la totalitat de l\u2019operaci\u00f3. <\/p>\n<\/div><\/div>\n<\/div>\n\n\n\n<div class=\"wp-block-column has-background is-layout-flow wp-block-column-is-layout-flow\" style=\"--col-width:50%;background-color:#f2f2f282;padding-top:10px;padding-right:10px;padding-bottom:10px;padding-left:10px;flex-basis:50%\">\n<div class=\"wp-block-group\"><div class=\"wp-block-group__inner-container is-layout-flow wp-block-group-is-layout-flow\">\n<h5 class=\"wp-block-heading\" style=\"text-transform:uppercase\">Requisits <\/h5>\n\n\n\n<p>Habitualment constaran de m\u00e9s d\u2019una etapa, tot i que excepcionalment es podran aprovar operacions especials basades en una sola etapa. <\/p>\n\n\n\n<p>La justificaci\u00f3 (objectiu) de l\u2019esdeveniment ha d\u2019incloure, com a m\u00ednim, un motiu de publicitat per a la LAV i CAT podr\u00e0 fer us de l\u2019esdeveniment com a part de la seva activitat de difusi\u00f3 p\u00fablica. <\/p>\n<\/div><\/div>\n<\/div>\n<\/div>\n\n\n<style>.kt-tabs-id_491ace-69 > .kt-tabs-content-wrap > .wp-block-kadence-tab{border-top-width:1px;border-right-width:0px;border-bottom-width:0px;border-left-width:0px;border-color:#eeeeee;border-top-left-radius:0px;border-top-right-radius:0px;border-bottom-right-radius:0px;border-bottom-left-radius:0px;padding-top:var(--global-kb-spacing-sm, 1.5rem);padding-right:var(--global-kb-spacing-sm, 1.5rem);padding-bottom:var(--global-kb-spacing-sm, 1.5rem);padding-left:var(--global-kb-spacing-sm, 1.5rem);background:rgba(242,242,242,0.5);}.wp-block-kadence-tabs .kt-tabs-id_491ace-69 > .kt-tabs-title-list li{margin-top:0px;margin-right:8px;margin-bottom:0px;margin-left:0px;}.wp-block-kadence-tabs .kt-tabs-id_491ace-69 > .kt-tabs-title-list li .kt-tab-title, .wp-block-kadence-tabs .kt-tabs-id_491ace-69 > .kt-tabs-content-wrap > .kt-tabs-accordion-title .kt-tab-title{line-height:1.4em;font-weight:regular;font-style:normal;border-top-width:0px;border-right-width:0px;border-bottom-width:4px;border-left-width:0px;border-top-left-radius:4px;border-top-right-radius:4px;border-bottom-right-radius:0px;border-bottom-left-radius:0px;padding-top:8px;padding-right:20px;padding-bottom:8px;padding-left:20px;border-color:#ffffff;color:#555555;background:rgba(242,242,242,0.5);}.wp-block-kadence-tabs .kt-tabs-id_491ace-69 > .kt-tabs-content-wrap > .kt-tabs-accordion-title .kt-tab-title{margin-top:0px;margin-right:8px;margin-bottom:0px;margin-left:0px;}.wp-block-kadence-tabs .kt-tabs-id_491ace-69 > .kt-tabs-title-list li .kt-tab-title:hover, .wp-block-kadence-tabs .kt-tabs-id_491ace-69 > .kt-tabs-content-wrap > .kt-tabs-accordion-title .kt-tab-title:hover{border-color:rgba(35,161,224,0.5);color:#9d0000;background:rgba(242,242,242,0.5);}.wp-block-kadence-tabs .kt-tabs-id_491ace-69 > .kt-tabs-title-list li.kt-tab-title-active .kt-tab-title, .wp-block-kadence-tabs .kt-tabs-id_491ace-69 > .kt-tabs-content-wrap > .kt-tabs-accordion-title.kt-tab-title-active .kt-tab-title{border-color:#0a6689;color:#0a6689;background:rgba(35,161,224,0.5);}.kt-tabs-id_491ace-69 > .kt-tabs-title-list li .kt-title-sub-text, .kt-tabs-id_491ace-69 > .kt-tabs-content-wrap > .kt-tabs-accordion-title .kt-title-sub-text{padding:0px 0px 0px 0px;margin:0px 0px 0px 0px;}.wp-block-kadence-tabs .kt-tabs-id_491ace-69 > .kt-tabs-title-list li svg{font-size:14px;}@media all and (min-width: 1025px){.wp-block-kadence-tabs .kt-tabs-id_491ace-69{display:flex;}.wp-block-kadence-tabs .kt-tabs-id_491ace-69 > .kt-tabs-title-list{float:none;width:30%;}.wp-block-kadence-tabs .kt-tabs-id_491ace-69 > .kt-tabs-content-wrap{float:none;width:auto;-webkit-flex:1;flex:1;}}@media all and (min-width: 768px) and (max-width: 1024px){.wp-block-kadence-tabs .kt-tabs-id_491ace-69{display:flex;}.wp-block-kadence-tabs .kt-tabs-id_491ace-69 > .kt-tabs-title-list{float:none;width:30%;}.wp-block-kadence-tabs .kt-tabs-id_491ace-69 > .kt-tabs-content-wrap{float:none;width:auto;-webkit-flex:1;flex:1;}}@media all and (max-width: 767px){.wp-block-kadence-tabs .kt-tabs-id_491ace-69{display:flex;}.wp-block-kadence-tabs .kt-tabs-id_491ace-69 > .kt-tabs-title-list{float:none;width:30%;}.wp-block-kadence-tabs .kt-tabs-id_491ace-69 > .kt-tabs-content-wrap{float:none;width:auto;-webkit-flex:1;flex:1;}}<\/style>\n<div class=\"wp-block-kadence-tabs alignwide\"><div class=\"kt-tabs-wrap kt-tabs-id_491ace-69 kt-tabs-has-2-tabs kt-active-tab-1 kt-tabs-layout-vtabs kt-tabs-tablet-layout-inherit kt-tabs-mobile-layout-inherit kt-tab-alignment-center\" style=\"max-width:none\"><ul class=\"kt-tabs-title-list\"><li id=\"tab-reptespersonals\" class=\"kt-title-item kt-title-item-1 kt-tabs-svg-show-always kt-tabs-icon-side-left kt-tab-title-active kb-tabs-have-subtitle\"><a href=\"#tab-reptespersonals\" data-tab=\"1\" class=\"kt-tab-title kt-tab-title-1\"><span style=\"display:inline-flex;justify-content:center;align-items:center\" class=\"kt-tab-svg-icon kt-tab-svg-icon-ic_person kt-title-svg-side-left\"><svg style=\"display:inline-block;vertical-align:middle\" viewbox=\"0 0 8 8\" height=\"14\" width=\"14\" fill=\"currentColor\" xmlns=\"http:\/\/www.w3.org\/2000\/svg\"><path d=\"M4 0c-1.1 0-2 1.12-2 2.5s.9 2.5 2 2.5 2-1.12 2-2.5-.9-2.5-2-2.5zm-2.09 5c-1.06.05-1.91.92-1.91 2v1h8v-1c0-1.08-.84-1.95-1.91-2-.54.61-1.28 1-2.09 1-.81 0-1.55-.39-2.09-1z\"><\/path><\/svg><\/span><div class=\"kb-tab-titles-wrap\"><span class=\"kt-title-text\">Reptes Personals<\/span><span class=\"kt-title-sub-text\">Ronda EU\/Transp. Boeing<\/span><\/div><\/a><\/li><li id=\"tab-esdevenimentshistrics\" class=\"kt-title-item kt-title-item-2 kt-tabs-svg-show-always kt-tabs-icon-side-left kt-tab-title-inactive kb-tabs-have-subtitle\"><a href=\"#tab-esdevenimentshistrics\" data-tab=\"2\" class=\"kt-tab-title kt-tab-title-2\"><span style=\"display:inline-flex;justify-content:center;align-items:center\" class=\"kt-tab-svg-icon kt-tab-svg-icon-ic_timer kt-title-svg-side-left\"><svg style=\"display:inline-block;vertical-align:middle\" viewbox=\"0 0 8 8\" height=\"14\" width=\"14\" fill=\"currentColor\" xmlns=\"http:\/\/www.w3.org\/2000\/svg\"><path d=\"M2 0v1h1v.03c-1.7.24-3 1.71-3 3.47 0 1.93 1.57 3.5 3.5 3.5s3.5-1.57 3.5-3.5c0-.45-.1-.87-.25-1.25l-.91.38c.11.29.16.57.16.88 0 1.39-1.11 2.5-2.5 2.5s-2.5-1.11-2.5-2.5 1.11-2.5 2.5-2.5c.3 0 .59.05.88.16l.34-.94c-.23-.08-.47-.12-.72-.16v-.06h1v-1h-3zm5 1.16s-3.65 2.81-3.84 3c-.19.2-.19.49 0 .69.19.2.49.2.69 0 .2-.2 3.16-3.69 3.16-3.69z\"><\/path><\/svg><\/span><div class=\"kb-tab-titles-wrap\"><span class=\"kt-title-text\">Esdeveniments hist\u00f2rics<\/span><span class=\"kt-title-sub-text\">Els Almog\u00e0vers<\/span><\/div><\/a><\/li><\/ul><div class=\"kt-tabs-content-wrap\">\n<div class=\"wp-block-kadence-tab kt-tab-inner-content kt-inner-tab-1 kt-inner-tab_8511d4-80\"><div class=\"kt-tab-inner-content-inner\">\n<p class=\"has-drop-cap\">S\u00f3n operacions especials que exigiran la const\u00e0ncia del pilot per a completar-les. La seva creaci\u00f3 correspon exclusivament a iniciativa d&#8217;un o m\u00e9s pilots que hauran de tenir el nivell i l&#8217;habilitaci\u00f3 necessaris per volar-les.  <\/p>\n\n\n\n<h5 class=\"wp-block-heading\">OPS actives: <\/h5>\n\n\n\n<div class=\"wp-block-columns is-layout-flex wp-container-core-columns-is-layout-d0b3c9c8 wp-block-columns-is-layout-flex\">\n<div class=\"wp-block-column is-layout-flow wp-block-column-is-layout-flow\">\n<div class=\"wp-block-buttons is-content-justification-right is-layout-flex wp-container-core-buttons-is-layout-fc306653 wp-block-buttons-is-layout-flex\">\n<div class=\"wp-block-button has-custom-width wp-block-button__width-100 is-style-fill\"><a class=\"wp-block-button__link\">Ronda EUropea<\/a><\/div>\n<\/div>\n<\/div>\n\n\n\n<div class=\"wp-block-column is-layout-flow wp-block-column-is-layout-flow\">\n<p>Un tomb pels Estats de la Uni\u00f3 Europea perqu\u00e8 se&#8217;ns conegui. <\/p>\n<\/div>\n<\/div>\n\n\n\n<div class=\"wp-block-columns is-layout-flex wp-container-core-columns-is-layout-d0b3c9c8 wp-block-columns-is-layout-flex\">\n<div class=\"wp-block-column is-layout-flow wp-block-column-is-layout-flow\">\n<div class=\"wp-block-buttons is-content-justification-right is-layout-flex wp-container-core-buttons-is-layout-fc306653 wp-block-buttons-is-layout-flex\">\n<div class=\"wp-block-button has-custom-width wp-block-button__width-100 is-style-fill\"><a class=\"wp-block-button__link\">Transport Boeing<\/a><\/div>\n<\/div>\n<\/div>\n\n\n\n<div class=\"wp-block-column is-layout-flow wp-block-column-is-layout-flow\">\n<p>Portar a la base de Barcelona els avions que hem comprat. <\/p>\n<\/div>\n<\/div>\n\n\n\n<h5 class=\"wp-block-heading\">OPS passades o previstes: <\/h5>\n\n\n\n<div class=\"wp-block-columns is-layout-flex wp-container-core-columns-is-layout-d0b3c9c8 wp-block-columns-is-layout-flex\">\n<div class=\"wp-block-column is-layout-flow wp-block-column-is-layout-flow\">\n<div class=\"wp-block-buttons is-horizontal is-content-justification-right is-layout-flex wp-container-core-buttons-is-layout-30af2ff6 wp-block-buttons-is-layout-flex\">\n<div class=\"wp-block-button has-custom-width wp-block-button__width-100 is-style-fill\"><a class=\"wp-block-button__link\">IFR Cl\u00e0ssic<\/a><\/div>\n<\/div>\n<\/div>\n\n\n\n<div class=\"wp-block-column is-layout-flow wp-block-column-is-layout-flow\">\n<p>Un vol&nbsp;<em>a l&#8217;antiga<\/em>, per posar a prova les nostres habilitats. Aquesta \u00e9s una operaci\u00f3 que fem al menys un cop a l&#8217;any.<\/p>\n<\/div>\n<\/div>\n<\/div><\/div>\n\n\n\n<div class=\"wp-block-kadence-tab kt-tab-inner-content kt-inner-tab-2 kt-inner-tab_120837-eb\"><div class=\"kt-tab-inner-content-inner\">\n<p class=\"has-drop-cap\">S\u00f3n Operacions Especials endegades per commemorar qualsevol esdeveniment hist\u00f2ric relacionat amb els Pa\u00efsos Catalans, ja sigui de caire aeron\u00e0utic o no.<br>El darrer Esdeveniment Hist\u00f2ric celebrat per les L\u00ednies A\u00e8ries virtuals dels Pa\u00efsos Catalans fou la <strong><em>The Almogavars Route<\/em><\/strong> que aquest any tornarem a fer. <\/p>\n\n\n\n<iframe loading=\"lazy\" src=\"https:\/\/www.google.com\/maps\/d\/embed?mid=14tb_IUTSz9fzukuJ3IDP838fvXPsM-A&amp;ehbc=2E312F\" width=\"640\" height=\"480\"><\/iframe>\n\n\n\n<div class=\"wp-block-buttons is-content-justification-center is-nowrap is-layout-flex wp-container-core-buttons-is-layout-23441af8 wp-block-buttons-is-layout-flex\">\n<div class=\"wp-block-button\"><a class=\"wp-block-button__link\" href=\"https:\/\/www.catalonian-airlines.cat\/en\/la-ruta-dels-almogavers\/\" style=\"border-radius:10px\">La Ruta dels Almog\u00e0vers 2017 <\/a><\/div>\n\n\n\n<div class=\"wp-block-button\"><a class=\"wp-block-button__link\" href=\"https:\/\/www.catalonian-airlines.cat\/en\/la-ruta-dels-almogavers\/\" style=\"border-radius:10px\">La Ruta dels Almog\u00e0vers 2015<\/a><\/div>\n\n\n\n<div class=\"wp-block-button\"><a class=\"wp-block-button__link\" style=\"border-radius:10px\">La Ruta dels ALmog\u00e0vers 2014<\/a><\/div>\n\n\n\n<div class=\"wp-block-button\"><a class=\"wp-block-button__link\" style=\"border-radius:10px\">La Ruta dels Almog\u00e0vers 2013<\/a><\/div>\n<\/div>\n<\/div><\/div>\n<\/div><\/div><\/div>","protected":false},"excerpt":{"rendered":"<p>DESCRIPCI\u00d3 S\u00f3n operacions singulars a proposta de qualsevol pilot o pilots que, necess\u00e0riament, han de tenir el nivell i l\u2019habilitaci\u00f3 que calgui per volar-les. Aquests esdeveniments tindran una bonificaci\u00f3 del 50% (Ponderaci\u00f3 = 1,5) sempre i quan es completi la totalitat de l\u2019operaci\u00f3. Requisits Habitualment constaran de m\u00e9s d\u2019una etapa, tot i que excepcionalment es&hellip;<\/p>","protected":false},"author":3,"featured_media":0,"parent":352,"menu_order":3,"comment_status":"closed","ping_status":"closed","template":"","meta":{"_uag_custom_page_level_css":"","footnotes":""},"class_list":["post-592","page","type-page","status-publish","hentry"],"uagb_featured_image_src":{"full":false,"thumbnail":false,"medium":false,"medium_large":false,"large":false,"1536x1536":false,"2048x2048":false,"trp-custom-language-flag":false,"post-thumbnail":false,"twentytwenty-fullscreen":false},"uagb_author_info":{"display_name":"Llu\u00eds del Cerro","author_link":"https:\/\/www.catalonian-airlines.cat\/en\/author\/malarmat\/"},"uagb_comment_info":0,"uagb_excerpt":"DESCRIPCI\u00d3 S\u00f3n operacions singulars a proposta de qualsevol pilot o pilots que, necess\u00e0riament, han de tenir el nivell i l\u2019habilitaci\u00f3 que calgui per volar-les. Aquests esdeveniments tindran una bonificaci\u00f3 del 50% (Ponderaci\u00f3 = 1,5) sempre i quan es completi la totalitat de l\u2019operaci\u00f3. Requisits Habitualment constaran de m\u00e9s d\u2019una etapa, tot i que excepcionalment es&hellip;","_links":{"self":[{"href":"https:\/\/www.catalonian-airlines.cat\/en\/wp-json\/wp\/v2\/pages\/592","targetHints":{"allow":["GET"]}}],"collection":[{"href":"https:\/\/www.catalonian-airlines.cat\/en\/wp-json\/wp\/v2\/pages"}],"about":[{"href":"https:\/\/www.catalonian-airlines.cat\/en\/wp-json\/wp\/v2\/types\/page"}],"author":[{"embeddable":true,"href":"https:\/\/www.catalonian-airlines.cat\/en\/wp-json\/wp\/v2\/users\/3"}],"replies":[{"embeddable":true,"href":"https:\/\/www.catalonian-airlines.cat\/en\/wp-json\/wp\/v2\/comments?post=592"}],"version-history":[{"count":2,"href":"https:\/\/www.catalonian-airlines.cat\/en\/wp-json\/wp\/v2\/pages\/592\/revisions"}],"predecessor-version":[{"id":1015,"href":"https:\/\/www.catalonian-airlines.cat\/en\/wp-json\/wp\/v2\/pages\/592\/revisions\/1015"}],"up":[{"embeddable":true,"href":"https:\/\/www.catalonian-airlines.cat\/en\/wp-json\/wp\/v2\/pages\/352"}],"wp:attachment":[{"href":"https:\/\/www.catalonian-airlines.cat\/en\/wp-json\/wp\/v2\/media?parent=592"}],"curies":[{"name":"wp","href":"https:\/\/api.w.org\/{rel}","templated":true}]}}