{"id":558,"date":"2022-04-23T23:29:05","date_gmt":"2022-04-23T22:29:05","guid":{"rendered":"https:\/\/www.catalonian-airlines.cat\/?page_id=558"},"modified":"2022-11-01T16:48:20","modified_gmt":"2022-11-01T15:48:20","slug":"fly-in","status":"publish","type":"page","link":"https:\/\/www.catalonian-airlines.cat\/en\/operacions\/alternatives\/fly-in\/","title":{"rendered":"OPS Fly-In"},"content":{"rendered":"<div class=\"wp-block-columns alignwide tw-cols-card tw-cols-card-shadow is-layout-flex wp-container-core-columns-is-layout-6c3a7f47 wp-block-columns-is-layout-flex\" id=\"ops-fly-in\" style=\"padding-top:0px;padding-right:0px;padding-bottom:0px;padding-left:0px\">\n<div class=\"wp-block-column has-background is-layout-flow wp-block-column-is-layout-flow\" style=\"background-color:#f2f2f282;padding-top:10px;padding-right:10px;padding-bottom:10px;padding-left:10px\">\n<div class=\"wp-block-group\"><div class=\"wp-block-group__inner-container is-layout-flow wp-block-group-is-layout-flow\">\n<h5 class=\"wp-block-heading\">Descripci\u00f3 <\/h5>\n\n\n\n<p>S\u00f3n esdeveniments col\u00b7lectius organitzats per qualsevol vACC o LAVs de VATSIM.<\/p>\n\n\n\n<p>El temps esmer\u00e7at en els vols realitzats en aquesta mena d&#8217;activitats tindran una bonificaci\u00f3 afegida de l&#8217;1,25.<\/p>\n\n\n\n<p>La participaci\u00f3 d&#8217;un determinat pilot est\u00e0 supeditada a les limitacions particulars en funci\u00f3 del seu nivell i habilitaci\u00f3. Per exemple, un pilot amb nivell de Segon Oficial d&#8217;H\u00e8lix adscrit al FIR de Barcelona, nom\u00e9s podr\u00e0 volar un esdeveniment d\u2019aquesta mena si l&#8217;activitat es realitza dintre d&#8217;aquest FIR.<\/p>\n<\/div><\/div>\n<\/div>\n\n\n\n<div class=\"wp-block-column has-background is-layout-flow wp-block-column-is-layout-flow\" style=\"background-color:#f2f2f282;padding-top:10px;padding-right:10px;padding-bottom:10px;padding-left:10px\">\n<div class=\"wp-block-group\"><div class=\"wp-block-group__inner-container is-layout-flow wp-block-group-is-layout-flow\">\n<h5 class=\"wp-block-heading\">Procediment a seguir<\/h5>\n\n\n\n<ul class=\"wp-block-list\"><li>Una operaci\u00f3 alternativa d&#8217;aquest tipus nom\u00e9s ser\u00e0 computable en l\u2019expedient del pilot si aquesta ha estat pr\u00e8viament anunciada com autoritzada a la llista de correu CAT-Pilots o al web de l\u2019aerol\u00ednia.<\/li><li>Com en qualsevol operaci\u00f3 regular o alternativa de la companyia, en els REMARKS del pla de vol tram\u00e9s haur\u00e0 de constar VOICE CATALONIAN.<\/li><\/ul>\n<\/div><\/div>\n<\/div>\n<\/div>\n\n\n\n<div class=\"wp-block-columns alignwide tw-cols-card tw-cols-card-shadow is-layout-flex wp-container-core-columns-is-layout-d0b3c9c8 wp-block-columns-is-layout-flex\">\n<div class=\"wp-block-column has-background is-layout-flow wp-block-column-is-layout-flow\" style=\"--col-width:100%;background-color:#f2f2f282;flex-basis:100%\">\n<h5 class=\"wp-block-heading\">Tramesa de PIREP<\/h5>\n\n\n\n<ul class=\"wp-block-list\"><li>En les OBSERVACIONS del FSAcars d&#8217;una operaci\u00f3 alternativa d&#8217;aquesta mena, es far\u00e0 constar el nom del Fly-In (per exemple: BARCELONA OVERLOAD).<\/li><li>El codi del PIREP \u00e9s&nbsp;<strong><mark style=\"background-color:rgba(0, 0, 0, 0);color:#e60004\" class=\"has-inline-color\">CT1001<\/mark><\/strong>.<\/li><\/ul>\n<\/div>\n<\/div>","protected":false},"excerpt":{"rendered":"<p>Descripci\u00f3 S\u00f3n esdeveniments col\u00b7lectius organitzats per qualsevol vACC o LAVs de VATSIM. El temps esmer\u00e7at en els vols realitzats en aquesta mena d&#8217;activitats tindran una bonificaci\u00f3 afegida de l&#8217;1,25. La participaci\u00f3 d&#8217;un determinat pilot est\u00e0 supeditada a les limitacions particulars en funci\u00f3 del seu nivell i habilitaci\u00f3. Per exemple, un pilot amb nivell de Segon&hellip;<\/p>","protected":false},"author":2,"featured_media":0,"parent":352,"menu_order":1,"comment_status":"closed","ping_status":"closed","template":"","meta":{"_uag_custom_page_level_css":"","footnotes":""},"class_list":["post-558","page","type-page","status-publish","hentry"],"uagb_featured_image_src":{"full":false,"thumbnail":false,"medium":false,"medium_large":false,"large":false,"1536x1536":false,"2048x2048":false,"trp-custom-language-flag":false,"post-thumbnail":false,"twentytwenty-fullscreen":false},"uagb_author_info":{"display_name":"Pablo Carbonell","author_link":"https:\/\/www.catalonian-airlines.cat\/en\/author\/pcarbonell\/"},"uagb_comment_info":0,"uagb_excerpt":"Descripci\u00f3 S\u00f3n esdeveniments col\u00b7lectius organitzats per qualsevol vACC o LAVs de VATSIM. El temps esmer\u00e7at en els vols realitzats en aquesta mena d&#8217;activitats tindran una bonificaci\u00f3 afegida de l&#8217;1,25. La participaci\u00f3 d&#8217;un determinat pilot est\u00e0 supeditada a les limitacions particulars en funci\u00f3 del seu nivell i habilitaci\u00f3. Per exemple, un pilot amb nivell de Segon&hellip;","_links":{"self":[{"href":"https:\/\/www.catalonian-airlines.cat\/en\/wp-json\/wp\/v2\/pages\/558","targetHints":{"allow":["GET"]}}],"collection":[{"href":"https:\/\/www.catalonian-airlines.cat\/en\/wp-json\/wp\/v2\/pages"}],"about":[{"href":"https:\/\/www.catalonian-airlines.cat\/en\/wp-json\/wp\/v2\/types\/page"}],"author":[{"embeddable":true,"href":"https:\/\/www.catalonian-airlines.cat\/en\/wp-json\/wp\/v2\/users\/2"}],"replies":[{"embeddable":true,"href":"https:\/\/www.catalonian-airlines.cat\/en\/wp-json\/wp\/v2\/comments?post=558"}],"version-history":[{"count":2,"href":"https:\/\/www.catalonian-airlines.cat\/en\/wp-json\/wp\/v2\/pages\/558\/revisions"}],"predecessor-version":[{"id":1010,"href":"https:\/\/www.catalonian-airlines.cat\/en\/wp-json\/wp\/v2\/pages\/558\/revisions\/1010"}],"up":[{"embeddable":true,"href":"https:\/\/www.catalonian-airlines.cat\/en\/wp-json\/wp\/v2\/pages\/352"}],"wp:attachment":[{"href":"https:\/\/www.catalonian-airlines.cat\/en\/wp-json\/wp\/v2\/media?parent=558"}],"curies":[{"name":"wp","href":"https:\/\/api.w.org\/{rel}","templated":true}]}}