{"id":540,"date":"2022-04-23T22:56:17","date_gmt":"2022-04-23T21:56:17","guid":{"rendered":"https:\/\/www.catalonian-airlines.cat\/?page_id=540"},"modified":"2022-11-01T22:43:26","modified_gmt":"2022-11-01T21:43:26","slug":"cpt","status":"publish","type":"page","link":"https:\/\/www.catalonian-airlines.cat\/en\/operacions\/alternatives\/cpt\/","title":{"rendered":"Controller Position Test (CPT) OPS"},"content":{"rendered":"<div class=\"wp-block-columns alignwide tw-cols-card tw-cols-card-shadow is-layout-flex wp-container-core-columns-is-layout-d0b3c9c8 wp-block-columns-is-layout-flex\" id=\"ops-cpt\">\n<div class=\"wp-block-column has-background is-layout-flow wp-block-column-is-layout-flow\" style=\"background-color:#f2f2f282;padding-top:10px;padding-right:10px;padding-bottom:10px;padding-left:10px\">\n<h5 class=\"wp-block-heading\">Descripci\u00f3<strong> <\/strong><\/h5>\n\n\n\n<ul class=\"wp-block-list\"><li>\u00c9s una activitat en la que un controlador de VATSIM passa una prova pr\u00e0ctica de les seves habilitats per ascendir de nivell.<\/li><li>El pilot que voli una d&#8217;aquestes operacions obtindr\u00e0 una una bonificaci\u00f3 afegida d\u20191,50.<\/li><\/ul>\n\n\n\n<h5 class=\"wp-block-heading\">Requisits<\/h5>\n\n\n\n<ul class=\"wp-block-list\"><li>Cal ser pilot del&nbsp;<a href=\"http:\/\/cpt.vateud.net\/\" target=\"_blank\" rel=\"noreferrer noopener\">VATEUD EXAM FLIGHT GROUP<\/a>.<\/li><li>Disposar de l&#8217;habilitaci\u00f3 internacional.<\/li><li>Les pr\u00f2pies del nivell o l&#8217;escala del pilot. \u00c9s a dir, s&#8217;aplicaran les mateixes restriccions que en vols regulars.<\/li><\/ul>\n<\/div>\n\n\n\n<div class=\"wp-block-column has-background is-layout-flow wp-block-column-is-layout-flow\" style=\"background-color:#f2f2f282;padding-top:10px;padding-right:10px;padding-bottom:10px;padding-left:10px\">\n<h5 class=\"wp-block-heading\">Procediment a seguir<\/h5>\n\n\n\n<ul class=\"wp-block-list\"><li>Per volar aquesta mena d&#8217;operacions alternatives no cal aprovaci\u00f3 pr\u00e8via del departament d&#8217;operacions, per\u00f2 nom\u00e9s ser\u00e0 computable en l\u2019expedient del pilot si aquest departament rep el justificant de participaci\u00f3 del pilot com s&#8217;esmenta en l&#8217;apartat TRAMESA DE PIREPs.<\/li><li>Com en qualsevol operaci\u00f3 regular o alternativa de la companyia, cal trametre el Pla de Vol a trav\u00e9s de l&#8217;<a href=\"https:\/\/my.vatsim.net\/\">oficina de plans de vol de myVATSIM<\/a>&nbsp;i al camp 11, a REMARKS haur\u00e0 de constar&nbsp;VOICE CATALONIAN \/ CPT XXXX&nbsp;on XXXX \u00e9s el codi ICAO de l&#8217;aeroport on es fa el CPT.<\/li><\/ul>\n<\/div>\n<\/div>\n\n\n\n<div class=\"wp-block-columns alignwide tw-cols-card tw-cols-card-shadow is-layout-flex wp-container-core-columns-is-layout-d0b3c9c8 wp-block-columns-is-layout-flex\">\n<div class=\"wp-block-column has-background is-layout-flow wp-block-column-is-layout-flow\" style=\"background-color:#f2f2f282;padding-top:10px;padding-right:10px;padding-bottom:10px;padding-left:10px\">\n<h5 class=\"wp-block-heading\">Tramesa de PIREPs<\/h5>\n\n\n\n<ul class=\"wp-block-list\"><li>El codi del PIREP \u00e9s sempre&nbsp;<strong><mark style=\"background-color:rgba(0, 0, 0, 0);color:#e60000\" class=\"has-inline-color\">CT1003<\/mark><\/strong>&nbsp;(En FSAcars posar CT1003 al camp del codi de pla de vol Flight IATA).<\/li><li>La sortida o arribada haur\u00e0 de ser l&#8217;aeroport on es realitza el CPT o, si l&#8217;examinador ho demana, un sobrevol de la zona del controlador que s&#8217;examina.<\/li><li>En les OBSERVACIONS del FSAcars d&#8217;una operaci\u00f3 alternativa d&#8217;aquesta mena, es far\u00e0 constar&nbsp;C VOICE CATALONIAN \/ CPT XXXX&nbsp;on XXXX \u00e9s el codi ICAO de l&#8217;aeroport on es faci el CPT (per exemple: VOICE CATALONIAN \/ CPT EHAM).<\/li><li>El pilot participant haur\u00e0 d\u2019acreditar la seva pres\u00e8ncia al CPT&nbsp;<mark style=\"background-color:rgba(0, 0, 0, 0);color:#e60004\" class=\"has-inline-color\"><strong>reenviant&nbsp;<\/strong><\/mark>per correu electr\u00f2nic adre\u00e7at al&nbsp;<a href=\"mailto:operacions@catalonian-airlines.cat\">departament d&#8217;operacions<\/a>&nbsp;<mark style=\"background-color:rgba(0, 0, 0, 0);color:#e60004\" class=\"has-inline-color\"><strong>la notificaci\u00f3 que el PIREP rebut pel sistema \u00e9s correcte&nbsp;juntament amb<\/strong><\/mark>&nbsp;una o altra de les seg\u00fcents justificacions (no calen les dues simult\u00e0niament): <\/li><\/ul>\n\n\n\n<ol class=\"wp-block-list\"><li>A&nbsp;<a rel=\"noreferrer noopener\" href=\"http:\/\/www.vataware.com\/\" target=\"_blank\">VATAWARE<\/a>, l&#8217;enlla\u00e7 directe a la plana d&#8217;informaci\u00f3 del vol corresponent. Per a trobar el vol a VATAWARE, heu d&#8217;anar a la vostra llista de vols (<em>50 most recent flights<\/em>), pitjar en el vostre indicatiu per mostrar la informaci\u00f3 completa d&#8217;aquell vol (pantalla&nbsp;<em>flight information<\/em>) i copiar l&#8217;adre\u00e7a que apareix a dalt del vostre navegador d&#8217;internet a la barra d&#8217;adreces. Per exemple:&nbsp;<a href=\"https:\/\/www.vataware.com\/flight\/7675969\">www.vataware.com\/flight\/7675969<\/a><\/li><li>La impressi\u00f3 de pantalla de VATAWARE corresponent al vol o els vols fets en aquesta activitat. Com en el cas anterior, per a la tramesa de la impressi\u00f3 de pantalla de VATAWARE, heu d&#8217;anar a la vostra llista de vols (<em>50 most recent flights<\/em>), pitjar el vostre indicatiu per mostrar la informaci\u00f3 completa d&#8217;aquell vol (pantalla&nbsp;<em>flight information<\/em>) i fer una impressi\u00f3 d&#8217;aquella pantalla com es mostra en la figura seg\u00fcent:<\/li><\/ol>\n<\/div>\n<\/div>\n\n\n\n<figure class=\"wp-block-image size-full is-style-tw-shadow\"><img loading=\"lazy\" decoding=\"async\" width=\"654\" height=\"616\" src=\"https:\/\/www.catalonian-airlines.cat\/wp-content\/uploads\/2022\/04\/vataware_cpt_0.jpg\" alt=\"\" class=\"wp-image-543\" srcset=\"https:\/\/www.catalonian-airlines.cat\/wp-content\/uploads\/2022\/04\/vataware_cpt_0.jpg 654w, https:\/\/www.catalonian-airlines.cat\/wp-content\/uploads\/2022\/04\/vataware_cpt_0-300x283.jpg 300w, https:\/\/www.catalonian-airlines.cat\/wp-content\/uploads\/2022\/04\/vataware_cpt_0-13x12.jpg 13w\" sizes=\"auto, (max-width: 654px) 100vw, 654px\" \/><\/figure>","protected":false},"excerpt":{"rendered":"<p>Descripci\u00f3 \u00c9s una activitat en la que un controlador de VATSIM passa una prova pr\u00e0ctica de les seves habilitats per ascendir de nivell. El pilot que voli una d&#8217;aquestes operacions obtindr\u00e0 una una bonificaci\u00f3 afegida d\u20191,50. Requisits Cal ser pilot del&nbsp;VATEUD EXAM FLIGHT GROUP. Disposar de l&#8217;habilitaci\u00f3 internacional. Les pr\u00f2pies del nivell o l&#8217;escala del&hellip;<\/p>","protected":false},"author":2,"featured_media":0,"parent":352,"menu_order":2,"comment_status":"closed","ping_status":"closed","template":"","meta":{"_uag_custom_page_level_css":"","footnotes":""},"class_list":["post-540","page","type-page","status-publish","hentry"],"uagb_featured_image_src":{"full":false,"thumbnail":false,"medium":false,"medium_large":false,"large":false,"1536x1536":false,"2048x2048":false,"trp-custom-language-flag":false,"post-thumbnail":false,"twentytwenty-fullscreen":false},"uagb_author_info":{"display_name":"Pablo Carbonell","author_link":"https:\/\/www.catalonian-airlines.cat\/en\/author\/pcarbonell\/"},"uagb_comment_info":0,"uagb_excerpt":"Descripci\u00f3 \u00c9s una activitat en la que un controlador de VATSIM passa una prova pr\u00e0ctica de les seves habilitats per ascendir de nivell. El pilot que voli una d&#8217;aquestes operacions obtindr\u00e0 una una bonificaci\u00f3 afegida d\u20191,50. Requisits Cal ser pilot del&nbsp;VATEUD EXAM FLIGHT GROUP. Disposar de l&#8217;habilitaci\u00f3 internacional. Les pr\u00f2pies del nivell o l&#8217;escala del&hellip;","_links":{"self":[{"href":"https:\/\/www.catalonian-airlines.cat\/en\/wp-json\/wp\/v2\/pages\/540","targetHints":{"allow":["GET"]}}],"collection":[{"href":"https:\/\/www.catalonian-airlines.cat\/en\/wp-json\/wp\/v2\/pages"}],"about":[{"href":"https:\/\/www.catalonian-airlines.cat\/en\/wp-json\/wp\/v2\/types\/page"}],"author":[{"embeddable":true,"href":"https:\/\/www.catalonian-airlines.cat\/en\/wp-json\/wp\/v2\/users\/2"}],"replies":[{"embeddable":true,"href":"https:\/\/www.catalonian-airlines.cat\/en\/wp-json\/wp\/v2\/comments?post=540"}],"version-history":[{"count":2,"href":"https:\/\/www.catalonian-airlines.cat\/en\/wp-json\/wp\/v2\/pages\/540\/revisions"}],"predecessor-version":[{"id":1016,"href":"https:\/\/www.catalonian-airlines.cat\/en\/wp-json\/wp\/v2\/pages\/540\/revisions\/1016"}],"up":[{"embeddable":true,"href":"https:\/\/www.catalonian-airlines.cat\/en\/wp-json\/wp\/v2\/pages\/352"}],"wp:attachment":[{"href":"https:\/\/www.catalonian-airlines.cat\/en\/wp-json\/wp\/v2\/media?parent=540"}],"curies":[{"name":"wp","href":"https:\/\/api.w.org\/{rel}","templated":true}]}}