{"id":472,"date":"2022-04-23T22:03:13","date_gmt":"2022-04-23T21:03:13","guid":{"rendered":"https:\/\/www.catalonian-airlines.cat\/?page_id=472"},"modified":"2022-11-01T22:46:15","modified_gmt":"2022-11-01T21:46:15","slug":"xarter","status":"publish","type":"page","link":"https:\/\/www.catalonian-airlines.cat\/en\/operacions\/alternatives\/xarter\/","title":{"rendered":"Charter OPS"},"content":{"rendered":"<div class=\"wp-block-columns alignwide tw-cols-card tw-cols-card-shadow is-layout-flex wp-container-core-columns-is-layout-6c3a7f47 wp-block-columns-is-layout-flex\" style=\"padding-top:0px;padding-right:0px;padding-bottom:0px;padding-left:0px\">\n<div class=\"wp-block-column has-background is-layout-flow wp-block-column-is-layout-flow\" style=\"--col-width:50%;background-color:#f2f2f282;padding-top:10px;padding-right:10px;padding-bottom:10px;padding-left:10px;flex-basis:50%\">\n<h5 class=\"wp-block-heading\">DESCRIPCI\u00d3<\/h5>\n\n\n\n<p>S\u00f3n operacions sempre estacionals i de curta durada que s&#8217;endeguen per iniciativa del responsable d&#8217;operacions o a petici\u00f3 d&#8217;un o m\u00e9s pilots, que han de disposar del nivell i habilitaci\u00f3 necessaris per volar-la, amb els seg\u00fcents motius:<\/p>\n\n\n\n<ul class=\"wp-block-list\"><li><strong>Inter\u00e8s econ\u00f2mic estacional<\/strong>: Fonamentalment s\u00f3n rutes d\u2019estiu o vacances llargues (Setmana Santa i Nadal).<\/li><li><strong>Esdeveniment real<\/strong>: S\u00f3n rutes de caire internacional, econ\u00f2mic, tur\u00edstic, cultural, etc. Per exemple, una cimera econ\u00f2mica o pol\u00edtica, una fira o una exposici\u00f3 internacionals, la Fira d\u2019Abril a Sevilla, una final on jugui un dels nostres equips, un esdeveniment aeron\u00e0utic, etc. <\/li><\/ul>\n\n\n\n<p>Les operacions x\u00e0rter tindran una <strong><em>durada m\u00ednima de 7 dies<\/em><\/strong> i una <strong><em>m\u00e0xima de 21 dies<\/em><\/strong>. <\/p>\n\n\n\n<p>Les operacions x\u00e0rter no tenen m\u00e9s bonificaci\u00f3 que els minuts volats (Ponderaci\u00f3 = 1).<\/p>\n<\/div>\n\n\n\n<div class=\"wp-block-column has-background is-layout-flow wp-block-column-is-layout-flow\" style=\"--col-width:50%;background-color:#f2f2f282;padding-top:10px;padding-right:10px;padding-bottom:10px;padding-left:10px;flex-basis:50%\">\n<h5 class=\"wp-block-heading\">PROCEDIMENT A SEGUIR<\/h5>\n\n\n\n<p>Les operacions x\u00e0rter s\u2019obren a petici\u00f3 d\u2019un o m\u00e9s pilots adre\u00e7ada al <a href=\"mailto:operacions@catalonian-airlines.cat\">departament d\u2019operacions<\/a>. L&#8217;aeroport de sortida o d&#8217;arribada ha d&#8217;\u00e9sser dels Pa\u00efsos Catalans i no pot ser cap de les operacions regulars. <\/p>\n\n\n\n<p>Aquesta petici\u00f3 ha d\u2019incloure necess\u00e0riament: <\/p>\n\n\n\n<ul class=\"wp-block-list\"><li>Els motius que, en opini\u00f3 del pilot, justifiquen l\u2019obertura de la ruta x\u00e0rter.<\/li><li>Plans de vol d\u2019anada i tornada, de prefer\u00e8ncia validats a VRoute.<\/li><li>Durada de validesa de l\u2019operaci\u00f3 (dins els l\u00edmits indicats). <\/li><\/ul>\n\n\n\n<p>El departament d\u2019operacions aprova o no la ruta atenent la rellev\u00e0ncia de la proposta. En cas d\u2019aprovaci\u00f3, es fa p\u00fablic al web o la llista de correu dels pilots incloent-hi el termini de validesa. <\/p>\n\n\n\n<p>El pilot o pilots que han proposat l\u2019operaci\u00f3 x\u00e0rter estan obligats a volar-la, altrament el departament d\u2019operacions es reserva el dret d\u2019acceptar noves propostes d\u2019aquest pilot o pilots. <\/p>\n\n\n\n<p>Durant el termini de vig\u00e8ncia de l\u2019operaci\u00f3, qualsevol pilot \u00e9s autoritzat a volar aquesta ruta, sempre i quan disposi del nivell i habilitaci\u00f3 necessaris.<\/p>\n<\/div>\n<\/div>","protected":false},"excerpt":{"rendered":"<p>DESCRIPCI\u00d3 S\u00f3n operacions sempre estacionals i de curta durada que s&#8217;endeguen per iniciativa del responsable d&#8217;operacions o a petici\u00f3 d&#8217;un o m\u00e9s pilots, que han de disposar del nivell i habilitaci\u00f3 necessaris per volar-la, amb els seg\u00fcents motius: Inter\u00e8s econ\u00f2mic estacional: Fonamentalment s\u00f3n rutes d\u2019estiu o vacances llargues (Setmana Santa i Nadal). Esdeveniment real: S\u00f3n&hellip;<\/p>","protected":false},"author":3,"featured_media":0,"parent":352,"menu_order":5,"comment_status":"closed","ping_status":"closed","template":"","meta":{"_uag_custom_page_level_css":"","footnotes":""},"class_list":["post-472","page","type-page","status-publish","hentry"],"uagb_featured_image_src":{"full":false,"thumbnail":false,"medium":false,"medium_large":false,"large":false,"1536x1536":false,"2048x2048":false,"trp-custom-language-flag":false,"post-thumbnail":false,"twentytwenty-fullscreen":false},"uagb_author_info":{"display_name":"Llu\u00eds del Cerro","author_link":"https:\/\/www.catalonian-airlines.cat\/en\/author\/malarmat\/"},"uagb_comment_info":0,"uagb_excerpt":"DESCRIPCI\u00d3 S\u00f3n operacions sempre estacionals i de curta durada que s&#8217;endeguen per iniciativa del responsable d&#8217;operacions o a petici\u00f3 d&#8217;un o m\u00e9s pilots, que han de disposar del nivell i habilitaci\u00f3 necessaris per volar-la, amb els seg\u00fcents motius: Inter\u00e8s econ\u00f2mic estacional: Fonamentalment s\u00f3n rutes d\u2019estiu o vacances llargues (Setmana Santa i Nadal). Esdeveniment real: S\u00f3n&hellip;","_links":{"self":[{"href":"https:\/\/www.catalonian-airlines.cat\/en\/wp-json\/wp\/v2\/pages\/472","targetHints":{"allow":["GET"]}}],"collection":[{"href":"https:\/\/www.catalonian-airlines.cat\/en\/wp-json\/wp\/v2\/pages"}],"about":[{"href":"https:\/\/www.catalonian-airlines.cat\/en\/wp-json\/wp\/v2\/types\/page"}],"author":[{"embeddable":true,"href":"https:\/\/www.catalonian-airlines.cat\/en\/wp-json\/wp\/v2\/users\/3"}],"replies":[{"embeddable":true,"href":"https:\/\/www.catalonian-airlines.cat\/en\/wp-json\/wp\/v2\/comments?post=472"}],"version-history":[{"count":2,"href":"https:\/\/www.catalonian-airlines.cat\/en\/wp-json\/wp\/v2\/pages\/472\/revisions"}],"predecessor-version":[{"id":1019,"href":"https:\/\/www.catalonian-airlines.cat\/en\/wp-json\/wp\/v2\/pages\/472\/revisions\/1019"}],"up":[{"embeddable":true,"href":"https:\/\/www.catalonian-airlines.cat\/en\/wp-json\/wp\/v2\/pages\/352"}],"wp:attachment":[{"href":"https:\/\/www.catalonian-airlines.cat\/en\/wp-json\/wp\/v2\/media?parent=472"}],"curies":[{"name":"wp","href":"https:\/\/api.w.org\/{rel}","templated":true}]}}