{"id":352,"date":"2021-11-09T18:17:41","date_gmt":"2021-11-09T17:17:41","guid":{"rendered":"https:\/\/www.catalonian-airlines.cat\/?page_id=352"},"modified":"2022-04-24T14:09:23","modified_gmt":"2022-04-24T13:09:23","slug":"alternatives","status":"publish","type":"page","link":"https:\/\/www.catalonian-airlines.cat\/en\/operacions\/alternatives\/","title":{"rendered":"Alternative Operations"},"content":{"rendered":"<div class=\"wp-block-group alignfull\"><div class=\"wp-block-group__inner-container is-layout-flow wp-block-group-is-layout-flow\">\n<h5 class=\"alignwide has-text-align-center wp-block-heading\"> They are targeted or of a certain duration, individual or collective of various sides, created at the initiative of the head of operations or one or more pilots. <br>Les classifiquem en: <\/h5>\n\n\n\n<div class=\"wp-block-columns alignwide is-layout-flex wp-container-core-columns-is-layout-d0b3c9c8 wp-block-columns-is-layout-flex\">\n<div class=\"wp-block-column is-layout-flow wp-block-column-is-layout-flow\">\n<figure class=\"wp-block-image is-style-tw-shadow\"><img decoding=\"async\" src=\"https:\/\/www.catalonian-airlines.cat\/wp-content\/plugins\/twentig\/dist\/images\/patterns\/landscape1.jpg\" alt=\"\"\/><\/figure>\n\n\n\n<h3 class=\"has-h-5-font-size wp-block-heading\"><a href=\"https:\/\/www.catalonian-airlines.cat\/en\/operacions\/alternatives\/fly-in\/\" data-type=\"page\" data-id=\"558\">Fly-In<\/a> <\/h3>\n\n\n\n<p>S\u00f3n esdeveniments col\u00b7lectius organitzats per qualsevol vACC o LAVs de VATSIM. <\/p>\n<\/div>\n\n\n\n<div class=\"wp-block-column is-layout-flow wp-block-column-is-layout-flow\">\n<figure class=\"wp-block-image is-style-tw-shadow\"><img decoding=\"async\" src=\"https:\/\/www.catalonian-airlines.cat\/wp-content\/plugins\/twentig\/dist\/images\/patterns\/landscape2.jpg\" alt=\"\"\/><\/figure>\n\n\n\n<h3 class=\"has-h-5-font-size wp-block-heading\"><a href=\"https:\/\/www.catalonian-airlines.cat\/en\/operacions\/alternatives\/cpt\/\" data-type=\"page\" data-id=\"540\">Controller Position Test (CPT)<\/a><\/h3>\n\n\n\n<p>\u00c9s una activitat en la que un controlador de VATSIM passa una prova pr\u00e0ctica de les seves habilitats per ascendir de nivell. <\/p>\n<\/div>\n<\/div>\n\n\n\n<div class=\"wp-block-columns alignwide is-layout-flex wp-container-core-columns-is-layout-d0b3c9c8 wp-block-columns-is-layout-flex\">\n<div class=\"wp-block-column is-layout-flow wp-block-column-is-layout-flow\">\n<figure class=\"wp-block-image is-style-tw-shadow\"><img decoding=\"async\" src=\"https:\/\/www.catalonian-airlines.cat\/wp-content\/plugins\/twentig\/dist\/images\/patterns\/landscape4.jpg\" alt=\"\"\/><\/figure>\n\n\n\n<h3 class=\"has-h-5-font-size wp-block-heading\"><strong><a href=\"https:\/\/www.catalonian-airlines.cat\/en\/operacions\/alternatives\/humanitaries\/\" data-type=\"page\" data-id=\"468\">Humanit\u00e0ries<\/a><\/strong><\/h3>\n\n\n\n<p>S\u00f3n operacions espec\u00edficament humanit\u00e0ries i conseq\u00fc\u00e8ncia d\u2019una alerta real a qualsevol indret del m\u00f3n (no poden ser invencions).<\/p>\n<\/div>\n\n\n\n<div class=\"wp-block-column is-layout-flow wp-block-column-is-layout-flow\">\n<figure class=\"wp-block-image is-style-tw-shadow\"><img decoding=\"async\" src=\"https:\/\/www.catalonian-airlines.cat\/wp-content\/plugins\/twentig\/dist\/images\/patterns\/landscape3.jpg\" alt=\"\"\/><\/figure>\n\n\n\n<h3 class=\"has-h-5-font-size wp-block-heading\"><strong><a href=\"https:\/\/www.catalonian-airlines.cat\/en\/operacions\/alternatives\/especials\/\" data-type=\"page\" data-id=\"592\">Especials<\/a><\/strong><\/h3>\n\n\n\n<p>S\u00f3n operacions singulars a proposta de qualsevol pilot o pilots que, necess\u00e0riament, han de tenir el nivell i l\u2019habilitaci\u00f3 que calgui per volar-les. <\/p>\n\n\n\n<h6 class=\"wp-block-heading\"><strong>Tipus: <\/strong><\/h6>\n\n\n\n<div class=\"wp-block-columns is-layout-flex wp-container-core-columns-is-layout-d0b3c9c8 wp-block-columns-is-layout-flex\">\n<div class=\"wp-block-column is-layout-flow wp-block-column-is-layout-flow\">\n<h5 class=\"has-normal-font-size wp-block-heading\"><strong><a href=\"https:\/\/www.catalonian-airlines.cat\/en\/operacions\/alternatives\/especials\/\" data-type=\"page\" data-id=\"592\">Reptes personals<\/a><\/strong>: <\/h5>\n\n\n\n<p class=\"has-small-font-size\">S\u00f3n operacions especials&nbsp;que exigiran la const\u00e0ncia del pilot per a la seva realitzaci\u00f3. <\/p>\n<\/div>\n\n\n\n<div class=\"wp-block-column is-layout-flow wp-block-column-is-layout-flow\">\n<h5 class=\"has-normal-font-size wp-block-heading\"><strong><a href=\"https:\/\/www.catalonian-airlines.cat\/en\/operacions\/alternatives\/especials\/\" data-type=\"page\" data-id=\"592\">Esdeveniments hist\u00f2rics<\/a><\/strong>: <\/h5>\n\n\n\n<p class=\"has-small-font-size\">S\u00f3n Operacions especials endegades per commemorar qualsevol esdeveniment hist\u00f2ric relacionat amb els Pa\u00efsos Catalans, ja sigui de caire aeron\u00e0utic o no. <\/p>\n<\/div>\n<\/div>\n<\/div>\n\n\n\n<div class=\"wp-block-column is-layout-flow wp-block-column-is-layout-flow\">\n<figure class=\"wp-block-image is-style-tw-shadow\"><img decoding=\"async\" src=\"https:\/\/www.catalonian-airlines.cat\/wp-content\/plugins\/twentig\/dist\/images\/patterns\/landscape5.jpg\" alt=\"\"\/><\/figure>\n\n\n\n<h3 class=\"has-h-5-font-size wp-block-heading\"><strong><a href=\"https:\/\/www.catalonian-airlines.cat\/en\/operacions\/alternatives\/xarter\/\" data-type=\"page\" data-id=\"472\">X\u00e0rter<\/a><\/strong><\/h3>\n\n\n\n<p>S\u00f3n operacions sempre estacionals i de curta durada que s&#8217;endeguen per iniciativa del responsable d&#8217;operacions o a petici\u00f3 d&#8217;un o m\u00e9s pilots, que han de disposar del nivell i habilitaci\u00f3 necessaris per volar-la. <\/p>\n<\/div>\n<\/div>\n<\/div><\/div>","protected":false},"excerpt":{"rendered":"<p>S\u00f3n activitats puntuals o de certa durada, individuals o col\u00b7lectives de caire divers, creades a iniciativa del responsable d&#8217;operacions o d&#8217;un o m\u00e9s pilots. Les classifiquem en: Fly-In S\u00f3n esdeveniments col\u00b7lectius organitzats per qualsevol vACC o LAVs de VATSIM. Controller Position Test (CPT) \u00c9s una activitat en la que un controlador de VATSIM passa una&hellip;<\/p>","protected":false},"author":2,"featured_media":0,"parent":8,"menu_order":1,"comment_status":"closed","ping_status":"closed","template":"","meta":{"_uag_custom_page_level_css":"","footnotes":""},"class_list":["post-352","page","type-page","status-publish","hentry"],"uagb_featured_image_src":{"full":false,"thumbnail":false,"medium":false,"medium_large":false,"large":false,"1536x1536":false,"2048x2048":false,"trp-custom-language-flag":false,"post-thumbnail":false,"twentytwenty-fullscreen":false},"uagb_author_info":{"display_name":"Pablo Carbonell","author_link":"https:\/\/www.catalonian-airlines.cat\/en\/author\/pcarbonell\/"},"uagb_comment_info":0,"uagb_excerpt":"S\u00f3n activitats puntuals o de certa durada, individuals o col\u00b7lectives de caire divers, creades a iniciativa del responsable d&#8217;operacions o d&#8217;un o m\u00e9s pilots. Les classifiquem en: Fly-In S\u00f3n esdeveniments col\u00b7lectius organitzats per qualsevol vACC o LAVs de VATSIM. Controller Position Test (CPT) \u00c9s una activitat en la que un controlador de VATSIM passa una&hellip;","_links":{"self":[{"href":"https:\/\/www.catalonian-airlines.cat\/en\/wp-json\/wp\/v2\/pages\/352","targetHints":{"allow":["GET"]}}],"collection":[{"href":"https:\/\/www.catalonian-airlines.cat\/en\/wp-json\/wp\/v2\/pages"}],"about":[{"href":"https:\/\/www.catalonian-airlines.cat\/en\/wp-json\/wp\/v2\/types\/page"}],"author":[{"embeddable":true,"href":"https:\/\/www.catalonian-airlines.cat\/en\/wp-json\/wp\/v2\/users\/2"}],"replies":[{"embeddable":true,"href":"https:\/\/www.catalonian-airlines.cat\/en\/wp-json\/wp\/v2\/comments?post=352"}],"version-history":[{"count":2,"href":"https:\/\/www.catalonian-airlines.cat\/en\/wp-json\/wp\/v2\/pages\/352\/revisions"}],"predecessor-version":[{"id":639,"href":"https:\/\/www.catalonian-airlines.cat\/en\/wp-json\/wp\/v2\/pages\/352\/revisions\/639"}],"up":[{"embeddable":true,"href":"https:\/\/www.catalonian-airlines.cat\/en\/wp-json\/wp\/v2\/pages\/8"}],"wp:attachment":[{"href":"https:\/\/www.catalonian-airlines.cat\/en\/wp-json\/wp\/v2\/media?parent=352"}],"curies":[{"name":"wp","href":"https:\/\/api.w.org\/{rel}","templated":true}]}}