{"id":20,"date":"2021-09-20T13:41:39","date_gmt":"2021-09-20T13:41:39","guid":{"rendered":"https:\/\/www.catalonian-airlines.cat\/?page_id=20"},"modified":"2022-11-01T14:57:58","modified_gmt":"2022-11-01T13:57:58","slug":"filosofia","status":"publish","type":"page","link":"https:\/\/www.catalonian-airlines.cat\/en\/","title":{"rendered":"Welcome to Catalonian Airlines"},"content":{"rendered":"<div class=\"wp-block-columns alignwide is-layout-flex wp-container-core-columns-is-layout-d0b3c9c8 wp-block-columns-is-layout-flex\">\n<div class=\"wp-block-column has-background is-layout-flow wp-block-column-is-layout-flow\" style=\"background-color:#f2f2f2b3;padding-top:10px;padding-right:10px;padding-bottom:10px;padding-left:10px\">\n<div class=\"wp-block-group\"><div class=\"wp-block-group__inner-container is-layout-flow wp-block-group-is-layout-flow\">\n<h4 class=\"wp-block-heading\">Philosophy<\/h4>\n\n\n\n<p>Catalonian Airlines is born with the aim of simulating the existence of a virtual airline covering the territory of the Catalan Countries -according to the cultural and linguistical sense of the term- and other places of the Earth where the Catalan culture or language may have a past or present relationship. Our starting point is the concept of Catalan Countries before the Pyrenees Treaty (1659) when the Kingdom of Catalonia and Aragon included Catalonia (north and south of the Pyrenees), Aragon, Valencia, Balearic Islands and the actual Alghero (Italy).<\/p>\n\n\n\n<p>\"L\u00ednies a\u00e8ries virtuals dels Pa\u00efsos Catalans\" (Catalonian Airlines - CAT) is a virtual airline which is active and operates: <\/p>\n\n\n\n<ol class=\"wp-block-list\"><li>Exclusively on Internet <\/li><li>In the VATSIM network<\/li><li>For X-Plane users (* actually Ver. 11)<s>.<\/s><\/li><\/ol>\n\n\n\n<p>For more information, see&nbsp;<a href=\"https:\/\/fs9.catalonian-airlines.cat\/rri_introduccio\">Regulations (Reglament de R\u00e8gim Intern. Only in Catalan available)<\/a><\/p>\n\n\n\n<p class=\"has-text-align-center\"><strong>Founded 15 of August 2004<\/strong><\/p>\n<\/div><\/div>\n<\/div>\n\n\n\n<div class=\"wp-block-column is-vertically-aligned-center is-layout-flow wp-block-column-is-layout-flow\">\n<figure class=\"wp-block-embed aligncenter is-type-video is-provider-youtube wp-block-embed-youtube wp-embed-aspect-4-3 wp-has-aspect-ratio\"><div class=\"wp-block-embed__wrapper\">\n<iframe loading=\"lazy\" title=\"Catalonian Airlines promotional video\" width=\"580\" height=\"435\" src=\"https:\/\/www.youtube.com\/embed\/DIK_lLnrMH8?feature=oembed\" frameborder=\"0\" allow=\"accelerometer; autoplay; clipboard-write; encrypted-media; gyroscope; picture-in-picture; web-share\" referrerpolicy=\"strict-origin-when-cross-origin\" allowfullscreen><\/iframe>\n<\/div><\/figure>\n<\/div>\n<\/div>\n\n\n\n<div class=\"wp-block-columns alignwide has-background is-layout-flex wp-container-core-columns-is-layout-d0b3c9c8 wp-block-columns-is-layout-flex\" style=\"background-color:#f2f2f282\">\n<div class=\"wp-block-column is-layout-flow wp-block-column-is-layout-flow\">\n<h4 class=\"alignwide has-text-align-center wp-block-heading\">The Pilots of CAT<\/h4>\n\n\n\n\n\n<div class=\"wp-block-buttons is-content-justification-center is-nowrap is-layout-flex wp-container-core-buttons-is-layout-12a27398 wp-block-buttons-is-layout-flex\">\n<div class=\"wp-block-button\"><a class=\"wp-block-button__link\" href=\"https:\/\/www.catalonian-airlines.cat\/en\/pilots-de-cat\/\">Pilots<\/a><\/div>\n<\/div>\n<\/div>\n\n\n\n<div class=\"wp-block-column is-layout-flow wp-block-column-is-layout-flow\">\n<h4 class=\"has-text-align-center wp-block-heading\">Next events <br>Next events<\/h4>\n\n\n\n<p>Google Calendar<\/p>\n<\/div>\n<\/div>","protected":false},"excerpt":{"rendered":"<p>Filosofia Catalonian Airlines neix amb la voluntat de recrear virtualment l\u2019exist\u00e8ncia d\u2019una l\u00ednia a\u00e8ria que cobreixi l\u2019\u00e0mbit territorial dels Pa\u00efsos Catalans -en l\u2019accepci\u00f3 cultural i ling\u00fc\u00edstica del mot- i altres llocs del planeta on es consideri que la cultura o la llengua catalana poden tenir-hi algun vincle. Les L\u00ednies A\u00e8ries virtuals dels Pa\u00efsos Catalans (Catalonian&hellip;<\/p>","protected":false},"author":2,"featured_media":0,"parent":0,"menu_order":0,"comment_status":"closed","ping_status":"closed","template":"templates\/template-full-width.php","meta":{"_uag_custom_page_level_css":"","footnotes":""},"class_list":["post-20","page","type-page","status-publish","hentry"],"uagb_featured_image_src":{"full":false,"thumbnail":false,"medium":false,"medium_large":false,"large":false,"1536x1536":false,"2048x2048":false,"trp-custom-language-flag":false,"post-thumbnail":false,"twentytwenty-fullscreen":false},"uagb_author_info":{"display_name":"Pablo Carbonell","author_link":"https:\/\/www.catalonian-airlines.cat\/en\/author\/pcarbonell\/"},"uagb_comment_info":0,"uagb_excerpt":"Filosofia Catalonian Airlines neix amb la voluntat de recrear virtualment l\u2019exist\u00e8ncia d\u2019una l\u00ednia a\u00e8ria que cobreixi l\u2019\u00e0mbit territorial dels Pa\u00efsos Catalans -en l\u2019accepci\u00f3 cultural i ling\u00fc\u00edstica del mot- i altres llocs del planeta on es consideri que la cultura o la llengua catalana poden tenir-hi algun vincle. Les L\u00ednies A\u00e8ries virtuals dels Pa\u00efsos Catalans (Catalonian&hellip;","_links":{"self":[{"href":"https:\/\/www.catalonian-airlines.cat\/en\/wp-json\/wp\/v2\/pages\/20","targetHints":{"allow":["GET"]}}],"collection":[{"href":"https:\/\/www.catalonian-airlines.cat\/en\/wp-json\/wp\/v2\/pages"}],"about":[{"href":"https:\/\/www.catalonian-airlines.cat\/en\/wp-json\/wp\/v2\/types\/page"}],"author":[{"embeddable":true,"href":"https:\/\/www.catalonian-airlines.cat\/en\/wp-json\/wp\/v2\/users\/2"}],"replies":[{"embeddable":true,"href":"https:\/\/www.catalonian-airlines.cat\/en\/wp-json\/wp\/v2\/comments?post=20"}],"version-history":[{"count":2,"href":"https:\/\/www.catalonian-airlines.cat\/en\/wp-json\/wp\/v2\/pages\/20\/revisions"}],"predecessor-version":[{"id":961,"href":"https:\/\/www.catalonian-airlines.cat\/en\/wp-json\/wp\/v2\/pages\/20\/revisions\/961"}],"wp:attachment":[{"href":"https:\/\/www.catalonian-airlines.cat\/en\/wp-json\/wp\/v2\/media?parent=20"}],"curies":[{"name":"wp","href":"https:\/\/api.w.org\/{rel}","templated":true}]}}