{"id":1045,"date":"2022-11-04T12:45:50","date_gmt":"2022-11-04T11:45:50","guid":{"rendered":"https:\/\/www.catalonian-airlines.cat\/?page_id=1045"},"modified":"2022-11-05T12:18:50","modified_gmt":"2022-11-05T11:18:50","slug":"la-ruta-dels-almogavers","status":"publish","type":"page","link":"https:\/\/www.catalonian-airlines.cat\/en\/operacions\/alternatives\/la-ruta-dels-almogavers\/","title":{"rendered":"The Almogavars Route"},"content":{"rendered":"<div class=\"wp-block-media-text alignwide is-stacked-on-mobile is-style-tw-shadow has-background\" style=\"background-color:#f2f2f282\"><figure class=\"wp-block-media-text__media\"><img loading=\"lazy\" decoding=\"async\" width=\"500\" height=\"390\" src=\"https:\/\/www.catalonian-airlines.cat\/wp-content\/uploads\/almogavers.jpg\" alt=\"\" class=\"wp-image-1021 size-full\" srcset=\"https:\/\/www.catalonian-airlines.cat\/wp-content\/uploads\/almogavers.jpg 500w, https:\/\/www.catalonian-airlines.cat\/wp-content\/uploads\/almogavers-300x234.jpg 300w, https:\/\/www.catalonian-airlines.cat\/wp-content\/uploads\/almogavers-15x12.jpg 15w\" sizes=\"auto, (max-width: 500px) 100vw, 500px\" \/><\/figure><div class=\"wp-block-media-text__content\">\n<p class=\"is-style-default\">Els Almog\u00e0vers s\u00f3n un t\u00edpic producte de frontera medieval. El seu origen es troba en els pastors que, desposse\u00efts de llurs pastures per la invasi\u00f3 \u00e0rab, es veuen obligats a sobreviure fent incursions i llogant-se als nobles cristians com a for\u00e7a de frontera. D\u2019aqu\u00ed el seu nom&nbsp;<em><strong>Al\u2011mugawir<\/strong><\/em>, que podem traduir com a&nbsp;<em><strong>guerriller<\/strong><\/em>. <\/p>\n\n\n\n<h5 class=\"wp-block-heading\">REQUISITS<\/h5>\n\n\n\n<ul class=\"wp-block-list\">\n<li>Nivell m\u00ednim de Comandant d&#8217;H\u00e8lix (H-CM).<\/li>\n\n\n\n<li>Habilitaci\u00f3 internacional.<\/li>\n<\/ul>\n\n\n\n<p><\/p>\n<\/div><\/div>\n\n\n\n<div class=\"wp-block-columns alignwide is-layout-flex wp-container-core-columns-is-layout-d0b3c9c8 wp-block-columns-is-layout-flex\">\n<div class=\"wp-block-column has-background is-layout-flow wp-block-column-is-layout-flow\" style=\"--col-width:50%;background-color:#f2f2f282;flex-basis:50%\">\n<ol class=\"is-style-default wp-block-list\">\n<li>Etapa: <br><strong>DE LA CATALUNYA VELLA A LA CATALUNYA NOVA<\/strong> <br><strong>Perpiny\u00e0 <\/strong>(LFMP) &#8211; <strong>Alacant <\/strong>(LEAL) \n<ul class=\"wp-block-list\">\n<li> <strong>Data<\/strong>: 29 d&#8217;abril de 2017 &#8211; 1500z (17:00 hora local)<br><\/li>\n<\/ul>\n<\/li>\n\n\n\n<li>Etapa: <br><strong>SIC\u00cdLIA: COMEN\u00c7A LA LLEGENDA<\/strong> <br><strong>Alacant <\/strong>(LEAL) &#8211; <strong>Palerm <\/strong>(LICJ) \n<ul class=\"wp-block-list\">\n<li><strong>Data<\/strong>:&nbsp;13 de maig de 2017 &#8211; 1500z (17:00 hora local)<br><\/li>\n<\/ul>\n<\/li>\n\n\n\n<li>Etapa: <br><strong>LA GRAN COMPANYIA CATALANA<\/strong> <br><strong>Palerm <\/strong>(LICJ) &#8211; <strong>Istanbul <\/strong>(LTFM) \n<ul class=\"wp-block-list\">\n<li><strong>Data<\/strong>: 27 de maig de 2017 &#8211; 1500z (17:00 hora local)<br><\/li>\n<\/ul>\n<\/li>\n\n\n\n<li>Etapa: <br><strong>LA VENJAN\u00c7A CATALANA<\/strong> <br><strong>Istanbul <\/strong>(LTFM) &#8211; <strong>Atenes <\/strong>(LGAV) \n<ul class=\"wp-block-list\">\n<li><strong>Data<\/strong>: 10 de juny de 2017 &#8211; 1500z (17:00 hora local)<br><\/li>\n<\/ul>\n<\/li>\n<\/ol>\n<\/div>\n\n\n\n<div class=\"wp-block-column is-layout-flow wp-block-column-is-layout-flow\" style=\"--col-width:50%;flex-basis:50%\">\n<iframe loading=\"lazy\" src=\"https:\/\/www.google.com\/maps\/d\/embed?mid=14tb_IUTSz9fzukuJ3IDP838fvXPsM-A&amp;ehbc=2E312F\" width=\"640\" height=\"480\"><\/iframe>\n<\/div>\n<\/div>\n\n\n<style>.kt-tabs-id_aa31e9-33 > .kt-tabs-content-wrap > .wp-block-kadence-tab{border-top-width:3px;border-right-width:0px;border-bottom-width:0px;border-left-width:0px;border-color:#0a6689;border-top-left-radius:0px;border-top-right-radius:0px;border-bottom-right-radius:0px;border-bottom-left-radius:0px;padding-top:var(--global-kb-spacing-sm, 1.5rem);padding-right:var(--global-kb-spacing-sm, 1.5rem);padding-bottom:var(--global-kb-spacing-sm, 1.5rem);padding-left:var(--global-kb-spacing-sm, 1.5rem);background:rgba(242,242,242,0.25);}.wp-block-kadence-tabs .kt-tabs-id_aa31e9-33 > .kt-tabs-title-list li{margin-top:0px;margin-right:8px;margin-bottom:0px;margin-left:0px;}.wp-block-kadence-tabs .kt-tabs-id_aa31e9-33 > .kt-tabs-title-list li:last-child{margin-right:0px;}.wp-block-kadence-tabs .kt-tabs-id_aa31e9-33 > .kt-tabs-title-list li .kt-tab-title, .wp-block-kadence-tabs .kt-tabs-id_aa31e9-33 > .kt-tabs-content-wrap > .kt-tabs-accordion-title .kt-tab-title{line-height:1.4em;font-weight:regular;font-style:normal;border-top-width:0px;border-right-width:0px;border-bottom-width:0px;border-left-width:0px;border-top-left-radius:4px;border-top-right-radius:4px;border-bottom-right-radius:0px;border-bottom-left-radius:0px;padding-top:8px;padding-right:20px;padding-bottom:8px;padding-left:20px;border-color:#eeeeee;color:#222222;background:#eeeeee;}.wp-block-kadence-tabs .kt-tabs-id_aa31e9-33 > .kt-tabs-content-wrap > .kt-tabs-accordion-title .kt-tab-title{margin-top:0px;margin-right:8px;margin-bottom:0px;margin-left:0px;}.wp-block-kadence-tabs .kt-tabs-id_aa31e9-33 > .kt-tabs-title-list li .kt-tab-title:hover, .wp-block-kadence-tabs .kt-tabs-id_aa31e9-33 > .kt-tabs-content-wrap > .kt-tabs-accordion-title .kt-tab-title:hover{border-color:#eeeeee;color:#222222;background:#e2e2e2;}.wp-block-kadence-tabs .kt-tabs-id_aa31e9-33 > .kt-tabs-title-list li.kt-tab-title-active .kt-tab-title, .wp-block-kadence-tabs .kt-tabs-id_aa31e9-33 > .kt-tabs-content-wrap > .kt-tabs-accordion-title.kt-tab-title-active .kt-tab-title{border-color:#eeeeee;color:#ffffff;background:#0a6689;}<\/style>\n<div class=\"wp-block-kadence-tabs alignwide\"><div class=\"kt-tabs-wrap kt-tabs-id_aa31e9-33 kt-tabs-has-4-tabs kt-active-tab-1 kt-tabs-layout-tabs kt-tabs-tablet-layout-inherit kt-tabs-mobile-layout-inherit kt-tab-alignment-left\" style=\"max-width:none\"><ul class=\"kt-tabs-title-list\"><li id=\"tab-etapa1brdelacatalnuyavellabralacatalunyanova\" class=\"kt-title-item kt-title-item-1 kt-tabs-svg-show-always kt-tabs-icon-side-right kt-tab-title-active\"><a href=\"#tab-etapa1brdelacatalnuyavellabralacatalunyanova\" data-tab=\"1\" class=\"kt-tab-title kt-tab-title-1\"><span class=\"kt-title-text\">Etapa 1: <br>DE LA CATALNUYA VELLA <br>A LA CATALUNYA NOVA<\/span><\/a><\/li><li id=\"tab-etapa2brsicliacomenabrlallegenda\" class=\"kt-title-item kt-title-item-2 kt-tabs-svg-show-always kt-tabs-icon-side-right kt-tab-title-inactive\"><a href=\"#tab-etapa2brsicliacomenabrlallegenda\" data-tab=\"2\" class=\"kt-tab-title kt-tab-title-2\"><span class=\"kt-title-text\">Etapa 2: <br>SIC\u00cdLIA: COMEN\u00c7A <br>LA LLEGENDA<\/span><\/a><\/li><li id=\"tab-etapa3strongstrongbrlagrancompanyiabrcatalana\" class=\"kt-title-item kt-title-item-3 kt-tabs-svg-show-always kt-tabs-icon-side-right kt-tab-title-inactive\"><a href=\"#tab-etapa3strongstrongbrlagrancompanyiabrcatalana\" data-tab=\"3\" class=\"kt-tab-title kt-tab-title-3\"><span class=\"kt-title-text\">Etapa 3: <strong> <\/strong><br>LA GRAN COMPANYIA <br>CATALANA<\/span><\/a><\/li><li id=\"tab-etapa4brlavenjanabrcatalana\" class=\"kt-title-item kt-title-item-4 kt-tabs-svg-show-always kt-tabs-icon-side-right kt-tab-title-inactive\"><a href=\"#tab-etapa4brlavenjanabrcatalana\" data-tab=\"4\" class=\"kt-tab-title kt-tab-title-4\"><span class=\"kt-title-text\">Etapa 4: <br>LA VENJAN\u00c7A <br>CATALANA<\/span><\/a><\/li><\/ul><div class=\"kt-tabs-content-wrap\">\n<div class=\"wp-block-kadence-tab kt-tab-inner-content kt-inner-tab-1 kt-inner-tab_367710-d3\"><div class=\"kt-tab-inner-content-inner\">\n<div class=\"wp-block-media-text alignwide has-media-on-the-right is-stacked-on-mobile is-style-default\" style=\"grid-template-columns:auto 20%\"><div class=\"wp-block-media-text__content\">\n<div class=\"wp-block-group has-background tw-shadow\" style=\"background-color:#f2f2f282\"><div class=\"wp-block-group__inner-container is-layout-flow wp-block-group-is-layout-flow\">\n<h5 class=\"wp-block-heading\"><strong><strong>ETAPA 1 &#8211; DE LA CATALUNYA VELLA A LA CATALUNYA NOVA<\/strong><\/strong><\/h5>\n\n\n\n<p><strong>Codi de ruta:&nbsp;<\/strong><mark style=\"background-color:rgba(0, 0, 0, 0);color:#fa0000\" class=\"has-inline-color\"><strong>CT1060<\/strong><\/mark><\/p>\n\n\n\n<p><strong><strong>SOR<\/strong>: <\/strong>Aeroport de Perpiny\u00e0 (LFMP)<strong><br><strong>ARR<\/strong>: <\/strong>Aeroport d\u2019Alacant (LEAL)<\/p>\n\n\n\n<p><strong>Dist\u00e0ncia<\/strong>: 354 mn<\/p>\n\n\n\n<p>Equipats amb armament lleuger, r\u00e0pids i molt efectius, no depenien de la log\u00edstica militar per a les seves accions. Aix\u00f2 els convert\u00ed ben aviat en una for\u00e7a temible. No eren ben b\u00e9 conqueridors, per\u00f2 s\u00ed s\u2019encarregaven de la seguretat i l\u2019ordre a la zona fronterera. Aix\u00ed van avan\u00e7ar a mesura que les tropes del Rei de Catalunya i Arag\u00f3 conquerien els territoris al sud del Llobregat. <\/p>\n<\/div><\/div>\n<\/div><figure class=\"wp-block-media-text__media\"><img loading=\"lazy\" decoding=\"async\" width=\"74\" height=\"98\" src=\"https:\/\/www.catalonian-airlines.cat\/wp-content\/uploads\/santjordi.gif\" alt=\"\" class=\"wp-image-1030 size-full\" srcset=\"https:\/\/www.catalonian-airlines.cat\/wp-content\/uploads\/santjordi.gif 74w, https:\/\/www.catalonian-airlines.cat\/wp-content\/uploads\/santjordi-9x12.gif 9w\" sizes=\"auto, (max-width: 74px) 100vw, 74px\" \/><\/figure><\/div>\n<\/div><\/div>\n\n\n\n<div class=\"wp-block-kadence-tab kt-tab-inner-content kt-inner-tab-2 kt-inner-tab_393cb9-51\"><div class=\"kt-tab-inner-content-inner\">\n<div class=\"wp-block-media-text alignwide has-media-on-the-right is-stacked-on-mobile is-style-default\" style=\"grid-template-columns:auto 20%\"><div class=\"wp-block-media-text__content\">\n<div class=\"wp-block-group has-background tw-shadow\" style=\"background-color:#f2f2f282\"><div class=\"wp-block-group__inner-container is-layout-flow wp-block-group-is-layout-flow\">\n<h5 class=\"wp-block-heading\"><strong>ETAPA 2 &#8211; SIC\u00cdLIA: COMEN\u00c7A LA LLEGENDA<\/strong><\/h5>\n\n\n\n<p><strong>Codi de ruta:&nbsp;<mark style=\"background-color:rgba(0, 0, 0, 0);color:#ff0000\" class=\"has-inline-color\">CT1061<\/mark><\/strong><\/p>\n\n\n\n<p><strong>SOR<\/strong>: Aeroport d\u2019Alacant (<strong>LEAL<\/strong>)<br><strong>ARR:<\/strong>&nbsp;Aeroport de Palerm (<strong>LICJ<\/strong>)<\/p>\n\n\n\n<p><strong>Dist\u00e0ncia<\/strong>: 718 mn<\/p>\n\n\n\n<p>Despr\u00e8s de les campanyes de Mallorca i Val\u00e8ncia, el cos d\u2019Almog\u00e0vers es queda sense feina. No \u00e9s fins que el rei Pere el Gran \u00e9s coronat rei de Sic\u00edlia, que s\u2019obren les portes de la gl\u00f2ria i la llegenda als mercenaris catalans.<\/p>\n\n\n\n<p>Corre l\u2019any 1282 i, a fi de combatre les forces franceses que amenacen Sic\u00edlia, el rei Pere el Gran hi envia uns 2.000 Almog\u00e0vers.<\/p>\n\n\n\n<p>La primera impressi\u00f3 que aquests donen als sicilians \u00e9s p\u00e8ssima, segons explica Ramon Muntaner a les seves cr\u00f2niques:&nbsp;<strong><em>anaven amb un sarronet de pa, bruts, esparracats, sense escuts ni armes llargues, tant sols amb coltells (punyals) i dards<\/em><\/strong>. Aquest aspecte, contrari al concepte que es tenia dels exercits marcials i ben preparats, descoratja els nadius sicilians.<\/p>\n\n\n\n<p>No fou necessari esperar gaire per desfer aquest descoratjament. A trenc d\u2019alba atacaren les tropes angevines i la vict\u00f2ria sobre les tropes franceses va ser aclaparadora.&nbsp;<strong><em>Feren tal carnisseria que era meravella<\/em><\/strong>, explica Ramon Muntaner.<\/p>\n\n\n\n<p>No conformes amb la severa derrota que havien infringit als seus enemics, els Almog\u00e0vers els perseguiren per tot el sud d\u2019It\u00e0lia, sumant vict\u00f2ria rere vict\u00f2ria.<\/p>\n<\/div><\/div>\n<\/div><figure class=\"wp-block-media-text__media\"><img loading=\"lazy\" decoding=\"async\" width=\"74\" height=\"98\" src=\"https:\/\/www.catalonian-airlines.cat\/wp-content\/uploads\/sicilia.gif\" alt=\"\" class=\"wp-image-1039 size-full\" srcset=\"https:\/\/www.catalonian-airlines.cat\/wp-content\/uploads\/sicilia.gif 74w, https:\/\/www.catalonian-airlines.cat\/wp-content\/uploads\/sicilia-9x12.gif 9w\" sizes=\"auto, (max-width: 74px) 100vw, 74px\" \/><\/figure><\/div>\n\n\n\n<p>TTT<\/p>\n<\/div><\/div>\n\n\n\n<div class=\"wp-block-kadence-tab kt-tab-inner-content kt-inner-tab-3 kt-inner-tab_d9aed1-95\"><div class=\"kt-tab-inner-content-inner\">\n<div class=\"wp-block-media-text alignwide has-media-on-the-right is-stacked-on-mobile is-style-default\" style=\"grid-template-columns:auto 20%\"><div class=\"wp-block-media-text__content\">\n<div class=\"wp-block-group has-background tw-shadow\" style=\"background-color:#f2f2f282\"><div class=\"wp-block-group__inner-container is-layout-flow wp-block-group-is-layout-flow\">\n<h5 class=\"wp-block-heading\"><strong>ETAPA 3 &#8211; LA GRAN COMPANYIA CATALANA<\/strong><\/h5>\n\n\n\n<p><strong>Codi de ruta:&nbsp;<mark style=\"background-color:rgba(0, 0, 0, 0);color:#f80000\" class=\"has-inline-color\">CT1062<\/mark><\/strong><\/p>\n\n\n\n<p><strong>SOR<\/strong>: Aeroport de Palerm (<strong>LICJ<\/strong>)<br><strong>ARR:<\/strong>&nbsp;Aeroport d\u2019Istanbul (<strong>LTBA<\/strong>)<\/p>\n\n\n\n<p><strong>Dist\u00e0ncia<\/strong>: 718 mn<\/p>\n\n\n\n<p>Acabada la seva aventura Siciliana, els mercenaris catalans accepten la proposta de anar a Bizanci amb l\u2019objectiu d\u2019ajudar l\u2019emperador Andr\u00f2nic II a neutralitzar l\u2019amena\u00e7a turca.<\/p>\n\n\n\n<p>A canvi dels seus serveis, els Almog\u00e0vers rebrien una elevada soldada, i el t\u00edtol de Gran Duc de l\u2019Imperi Rom\u00e0 d\u2019Orient i la m\u00e0 de la neboda d\u2019Andr\u00f2nic pel seu cabdill, Roger de Flor.<\/p>\n\n\n\n<p>El setembre de 1303, els Almog\u00e0vers entraven triomfalment a Constantinoble i Andr\u00f2nic no trig\u00e0 a enviar-los a una missi\u00f3 al cap d\u2019Artaki on les tropes turques que amena\u00e7aven l\u2019imperi descansaven. Vuit dies despr\u00e8s, a trenc d\u2019alba, la tropa catalana es llen\u00e7ava en una operaci\u00f3 llampec sobre els turcs. En poques hores, els homes de Roger de Flor s\u2019havien fet amb el domini del campament enemic i no deixaren amb vida cap home de m\u00e9s de deu anys.<\/p>\n<\/div><\/div>\n<\/div><figure class=\"wp-block-media-text__media\"><img loading=\"lazy\" decoding=\"async\" width=\"74\" height=\"98\" src=\"https:\/\/www.catalonian-airlines.cat\/wp-content\/uploads\/santpere.gif\" alt=\"\" class=\"wp-image-1031 size-full\" srcset=\"https:\/\/www.catalonian-airlines.cat\/wp-content\/uploads\/santpere.gif 74w, https:\/\/www.catalonian-airlines.cat\/wp-content\/uploads\/santpere-9x12.gif 9w\" sizes=\"auto, (max-width: 74px) 100vw, 74px\" \/><\/figure><\/div>\n\n\n\n<p>TTT<\/p>\n<\/div><\/div>\n\n\n\n<div class=\"wp-block-kadence-tab kt-tab-inner-content kt-inner-tab-4 kt-inner-tab_3f24ba-a5\"><div class=\"kt-tab-inner-content-inner\">\n<div class=\"wp-block-group alignwide has-background tw-shadow\" style=\"background-color:#f2f2f282\"><div class=\"wp-block-group__inner-container is-layout-flow wp-block-group-is-layout-flow\">\n<h5 class=\"wp-block-heading\"><strong>ETAPA 4 &#8211; LA VENJAN\u00c7A CATALANA<\/strong><\/h5>\n\n\n\n<p><strong>Codi de ruta:&nbsp;<mark style=\"background-color:rgba(0, 0, 0, 0);color:#ff0000\" class=\"has-inline-color\">CT1063<\/mark><\/strong><\/p>\n\n\n\n<p><strong>SOR<\/strong>: Aeroport d\u2019Istanbul (<strong>LTBA<\/strong>)<br><strong>ARR:<\/strong>&nbsp;Aeroport d\u2019Atenes (<strong>LGAV<\/strong>)<\/p>\n\n\n\n<p><strong>Dist\u00e0ncia<\/strong>: 296 mn<\/p>\n\n\n\n<p>Els Almog\u00e0vers eren ja una llegenda, per\u00f2 Roger de Flor es deixava portar per l&#8217;ambici\u00f3 que el duia a voler crear el seu propi imperi, arribant fins i tot a exigir el t\u00edtol de C\u00e8sar.<\/p>\n\n\n\n<p>En el decurs d&#8217;un sopar, un grup de grecs i alans assassinen el cabdill almog\u00e0ver i tota la seva escorta. Al mateix temps, almog\u00e0vers i comerciants catalans eren atacats per sorpresa arreu de l\u2019imperi. Fins i tot una ambaixada catalana que pretenia negociar la pau fou anihilada.<\/p>\n\n\n\n<p>Des del seu quarter d\u2019hivern a Gal\u00b7lipoli (actualment&nbsp;<em>Gelibolu<\/em>), el gruix de l\u2019ex\u00e8rcit almog\u00e0ver va superar el setge inicial i, un cop assegurada la posici\u00f3, sortiren comandats per Berenguer d\u2019Enten\u00e7a a satisfer el seu afany de revenja.<\/p>\n\n\n\n<p>Comen\u00e7ava la famosa&nbsp;<strong><em>venjan\u00e7a catalana<\/em><\/strong>: passaran a sang i foc viles i ciutats sense respectar vides ni bens i escampant el terror arreu. Reunits altre cop a Gal\u00b7lipoli, i ja amb Bernat de Rocafort com a nou cabdill, els almog\u00e0vers decidiren plantar cara l&#8217;ex\u00e8rcit bizant\u00ed m\u00e9s nombr\u00f3s que s&#8217;havia conegut mai.<\/p>\n\n\n\n<p>Despr\u00e8s d\u2019enfonsar els seus propis vaixells al port per evitar la temptaci\u00f3 de fugir i de resistir el setge al que eren sotmesos, de cop les tropes catalanes es llen\u00e7aren damunt l\u2019ex\u00e8rcit bizant\u00ed acampat als afores de la ciutat. El xoc fou brutal, per\u00f2 els almog\u00e0vers acabaren triomfant i derrotant els bizantins. La follia venjativa dels almog\u00e0vers estengu\u00e9 el terror per tot l\u2019imperi. El lloc on havien estat assaltats els ambaixadors catalans fou arrasat, i cap home, dona, vell, nen, ni animal va ser deixat amb vida. L\u2019ira caigu\u00e9 tamb\u00e9 sobre els alans, c\u00f2mplices de l\u2019assassinat de Roger de Flor, i molts d\u2019 ells, conscients del qu\u00e8 els esperava, decidiren matar ells mateixos les seves pr\u00f2pies dones i fills abans de que caiguessin a mans dels catalans.<\/p>\n<\/div><\/div>\n<\/div><\/div>\n<\/div><\/div><\/div>\n\n\n\n<div class=\"wp-block-columns alignwide tw-cols-card tw-cols-card-shadow tw-stretched-media is-layout-flex wp-container-core-columns-is-layout-06a3767a wp-block-columns-is-layout-flex\" style=\"padding-top:0;padding-right:0;padding-bottom:0;padding-left:0\">\n<div class=\"wp-block-column has-background is-layout-flow wp-block-column-is-layout-flow\" style=\"background-color:#f2f2f282;padding-top:10px;padding-right:10px;padding-bottom:10px;padding-left:10px\">\n<h4 class=\"wp-block-heading\"><strong>Rutes, Cartes i Escenaris<\/strong><\/h4>\n\n\n\n<p>Totes les etapes estan disponibles a&nbsp;<a href=\"https:\/\/fs9.catalonian-airlines.cat\/www.vroute.net\/\" target=\"_blank\" rel=\"noreferrer noopener\">VRoute<\/a>.<\/p>\n\n\n\n<p>Les cartes reals estan disponibles a la xarxa. Suggerim utilitzar el Chart Central del\u00a0<a href=\"https:\/\/my.vatsim.net\/learn\" target=\"_blank\" rel=\"noreferrer noopener\">VATSIM Pilot Resource Center<\/a>\u00a0o, preferentment,\u00a0<a rel=\"noreferrer noopener\" href=\"https:\/\/www.ead.eurocontrol.int\/\" target=\"_blank\">EUROCONTROL<\/a>. Tamb\u00e9 podeu utilitzar\u00a0<a rel=\"noreferrer noopener\" href=\"https:\/\/www.navigraph.com\/\" target=\"_blank\">NAVIGRAPH<\/a>\u00a0tot i que \u00e9s de pagament.<\/p>\n\n\n\n<p>Els ESCENARIS recomanats els trobareu a l&#8217;apartat&nbsp;<a href=\"http:\/\/www.catalonian-airlines.cat\/en\/escenaris\/#ruta_almogavers\" target=\"_blank\" rel=\"noreferrer noopener\">RUTA DELS ALMOG\u00c0VERS del RAC\u00d3 DE L&#8217;ESCENARI<\/a>&nbsp;.<\/p>\n<\/div>\n\n\n\n<div class=\"wp-block-column has-background is-layout-flow wp-block-column-is-layout-flow\" style=\"background-color:#f2f2f282;padding-top:10px;padding-right:10px;padding-bottom:10px;padding-left:10px\">\n<h4 class=\"wp-block-heading\"><strong>Condicions i Detalls<\/strong> <\/h4>\n\n\n\n<ul class=\"wp-block-list\">\n<li>Poden volar-se diferents etapes amb diferents avions.<\/li>\n\n\n\n<li>Excepcionalment no caldr\u00e0 volar totes les etapes per comptabilitzar les hores de vol amb una bonificaci\u00f3 del 50% (Ponderaci\u00f3 = 1,5)<\/li>\n\n\n\n<li>Els pilots d&#8217;h\u00e8lix poden fer aturades t\u00e8cniques en el decurs d&#8217;una etapa per posar combustible i\/o c\u00e0tering.<\/li>\n\n\n\n<li>La sortida col\u00b7lectiva de cada etapa ser\u00e0 a les 17 h (hora catalana).<\/li>\n\n\n\n<li>Si no es pot volar l&#8217;etapa a l&#8217;hora de sortida col\u00b7lectiva, excepcionalment es permetr\u00e0 volar-la en altra hora per\u00f2 sempre a la mateixa DATA (hora sortida m\u00e0xima 23:59 UTC).<\/li>\n\n\n\n<li>Com sempre, cal seguir la normativa de CAT i trametre el pla de vol a trav\u00e9s de l&#8217;<a href=\"https:\/\/my.vatsim.net\/pilots\/flightplan\">Oficina de plans de vol de VATSIM<\/a>.<\/li>\n\n\n\n<li>En els REMARKS del pla de vol tram\u00e9s a VATSIM cal indicar-hi &#8220;ALMOG\u00c0VERS ROUTE&#8221;. \u00c9s a dir:<\/li>\n<\/ul>\n\n\n\n<p class=\"has-text-align-center\"><strong><mark style=\"background-color:rgba(0, 0, 0, 0)\" class=\"has-inline-color has-accent-color\">ALMOG\u00c0VERS ROUTE<\/mark><\/strong><\/p>\n<\/div>\n<\/div>\n\n\n\n<div class=\"wp-block-columns alignwide tw-cols-card tw-cols-card-shadow is-layout-flex wp-container-core-columns-is-layout-d0b3c9c8 wp-block-columns-is-layout-flex\">\n<div class=\"wp-block-column has-background is-layout-flow wp-block-column-is-layout-flow\" style=\"background-color:#f2f2f282;padding-top:10px;padding-right:10px;padding-bottom:10px;padding-left:10px\">\n<h4 class=\"wp-block-heading\"><strong>Dades a recollir i Tramesa de PIREP<\/strong><\/h4>\n\n\n\n<ul class=\"wp-block-list\">\n<li>Els PIREPs automatitzats es trametran cada cop que s&#8217;acabi una etapa.<\/li>\n\n\n\n<li>El codi de ruta \u00e9s diferent per a cada etapa!&nbsp;<\/li>\n\n\n\n<li>En els COMENTARIS del PIREP de FSAcars caldr\u00e0 incloure literalment:<\/li>\n<\/ul>\n\n\n\n<p class=\"has-text-align-center\"><strong><mark style=\"background-color:rgba(0, 0, 0, 0)\" class=\"has-inline-color has-accent-color\">C ALMOG\u00c0VERS ROUTE<\/mark><\/strong><\/p>\n<\/div>\n<\/div>","protected":false},"excerpt":{"rendered":"<p>Rutes, Cartes i Escenaris Totes les etapes estan disponibles a&nbsp;VRoute. Les cartes reals estan disponibles a la xarxa. Suggerim utilitzar el Chart Central del\u00a0VATSIM Pilot Resource Center\u00a0o, preferentment,\u00a0EUROCONTROL. Tamb\u00e9 podeu utilitzar\u00a0NAVIGRAPH\u00a0tot i que \u00e9s de pagament. Els ESCENARIS recomanats els trobareu a l&#8217;apartat&nbsp;RUTA DELS ALMOG\u00c0VERS del RAC\u00d3 DE L&#8217;ESCENARI&nbsp;. Condicions i Detalls ALMOG\u00c0VERS ROUTE Dades&hellip;<\/p>","protected":false},"author":2,"featured_media":0,"parent":352,"menu_order":-1,"comment_status":"closed","ping_status":"closed","template":"","meta":{"_uag_custom_page_level_css":"","footnotes":""},"class_list":["post-1045","page","type-page","status-publish","hentry"],"uagb_featured_image_src":{"full":false,"thumbnail":false,"medium":false,"medium_large":false,"large":false,"1536x1536":false,"2048x2048":false,"trp-custom-language-flag":false,"post-thumbnail":false,"twentytwenty-fullscreen":false},"uagb_author_info":{"display_name":"Pablo Carbonell","author_link":"https:\/\/www.catalonian-airlines.cat\/en\/author\/pcarbonell\/"},"uagb_comment_info":0,"uagb_excerpt":"Rutes, Cartes i Escenaris Totes les etapes estan disponibles a&nbsp;VRoute. Les cartes reals estan disponibles a la xarxa. Suggerim utilitzar el Chart Central del\u00a0VATSIM Pilot Resource Center\u00a0o, preferentment,\u00a0EUROCONTROL. Tamb\u00e9 podeu utilitzar\u00a0NAVIGRAPH\u00a0tot i que \u00e9s de pagament. Els ESCENARIS recomanats els trobareu a l&#8217;apartat&nbsp;RUTA DELS ALMOG\u00c0VERS del RAC\u00d3 DE L&#8217;ESCENARI&nbsp;. Condicions i Detalls ALMOG\u00c0VERS ROUTE Dades&hellip;","_links":{"self":[{"href":"https:\/\/www.catalonian-airlines.cat\/en\/wp-json\/wp\/v2\/pages\/1045","targetHints":{"allow":["GET"]}}],"collection":[{"href":"https:\/\/www.catalonian-airlines.cat\/en\/wp-json\/wp\/v2\/pages"}],"about":[{"href":"https:\/\/www.catalonian-airlines.cat\/en\/wp-json\/wp\/v2\/types\/page"}],"author":[{"embeddable":true,"href":"https:\/\/www.catalonian-airlines.cat\/en\/wp-json\/wp\/v2\/users\/2"}],"replies":[{"embeddable":true,"href":"https:\/\/www.catalonian-airlines.cat\/en\/wp-json\/wp\/v2\/comments?post=1045"}],"version-history":[{"count":2,"href":"https:\/\/www.catalonian-airlines.cat\/en\/wp-json\/wp\/v2\/pages\/1045\/revisions"}],"predecessor-version":[{"id":1083,"href":"https:\/\/www.catalonian-airlines.cat\/en\/wp-json\/wp\/v2\/pages\/1045\/revisions\/1083"}],"up":[{"embeddable":true,"href":"https:\/\/www.catalonian-airlines.cat\/en\/wp-json\/wp\/v2\/pages\/352"}],"wp:attachment":[{"href":"https:\/\/www.catalonian-airlines.cat\/en\/wp-json\/wp\/v2\/media?parent=1045"}],"curies":[{"name":"wp","href":"https:\/\/api.w.org\/{rel}","templated":true}]}}